{"id":3,"date":"2025-07-11T16:00:01","date_gmt":"2025-07-11T14:00:01","guid":{"rendered":"https:\/\/nigelliimballaggi.it\/?page_id=3"},"modified":"2025-12-15T10:44:06","modified_gmt":"2025-12-15T09:44:06","slug":"privacy-policy","status":"publish","type":"page","link":"https:\/\/nigelliimballaggi.it\/?page_id=3","title":{"rendered":"Privacy Policy"},"content":{"rendered":"\t\t<div data-elementor-type=\"wp-page\" data-elementor-id=\"3\" class=\"elementor elementor-3\">\n\t\t\t\t<div class=\"elementor-element elementor-element-7842c0b0 e-flex e-con-boxed e-con e-parent\" data-id=\"7842c0b0\" data-element_type=\"container\">\n\t\t\t\t\t<div class=\"e-con-inner\">\n\t\t\t\t<div class=\"elementor-element elementor-element-1daf3c6 elementor-widget elementor-widget-text-editor\" data-id=\"1daf3c6\" data-element_type=\"widget\" data-widget_type=\"text-editor.default\">\n\t\t\t\t\t\t\t\t\t\n<h6 class=\"wp-block-heading\">INFORMATIVA PER I CLIENTI<br \/>Oggetto: Informativa ai sensi dell&#8217;art. 13 del regolamento UE 679\/2016<br \/>Egregio Cliente,<br \/>Spett.le Azienda<br \/><br \/>Ai sensi e per gli effetti dell&#8217;art.13 del Regolamento (UE) 679\/2016, con riferimento ai dati raccolti presso la sua sede \/ o da Lei inviati a mezzo mail o fax, La invitiamo a leggere attentamente e a prendere nota della informativa che segue e, ove richiesto, a Prestare o Negare, il proprio consenso.<br \/><br \/>1) Titolare del Trattamento.<br \/>Nigelli Imballaggi S.r.l., (di seguito per brevit\u00e0 nella forma contratta &#8220;Nigelli&#8221;), corrente in Sasso Marconi, Via Ca&#8217; de Testi n. 16\/2, iscritta al Registro delle Imprese della Provincia di Bologna al n. 343669, codice fiscale e partita iva 01536031204, in persona del suo legale rappresentante Giancarlo Nigelli indirizzo P.E.C.: nigelliimballaggi@pec.it. Il Titolare potr\u00e0 delegare il trattamento dei dati esclusivamente per le finalit\u00e0 sopra descritte e previa designazione scritta uno o pi\u00f9 responsabili del trattamento.<\/h6>\n<h6 class=\"wp-block-heading\"><br \/>2) Finalit\u00e0 e mezzi del trattamento<br \/>La raccolta ed il trattamento dei Vostri dati avverr\u00e0 con il supporto di mezzi cartacei, informatici o telematici ed esclusivamente per i fini connessi all&#8217;adempimento del contratto da lei stipulato e segnatamente:<br \/>&#8211; ai fini della produzione e fornitura dei nostri prodotti dei servizi e relativa gestione amministrativa e contabile delle prestazioni rese ed in particolare<br \/>a) attivit\u00e0 finalizzata al controllo ed adempimento degli obblighi derivanti da contratti dei quali \u00e8 parte il cliente;<br \/>b) attivit\u00e0 finalizzata alla consegna dei prodotti, in esecuzione del contratto;<br \/>c)attivit\u00e0 finalizzata alla fatturazione attiva e passiva, in esecuzione del contratto;<br \/>d) gestione aziendale;<br \/>e) finalit\u00e0 commerciali (marketing diretto)<br \/>f) ai fini dell&#8217;adempimento degli obblighi di legge in materia fiscale e contabile;<br \/>g) ai fini dell&#8217;adempimento degli obblighi previsti dalla vigente normativa di cui al D.lgs 231\/2001;<br \/>In caso di dati trattati telematicamente, verranno adottate misure di protezione idonee, aggiornate e proporzionate, quali backup, password, anti-virus, firewall, il tutto come meglio descritto ed identificato nel registro dei trattamenti.<br \/><br \/>3) Destinatari e categorie di destinatari<br \/>I Vostri dati potranno essere comunicati per le sole finalit\u00e0 sopra rappresentate a soggetti terzi, la cui comunicazione sia necessaria per il corretto adempimento dell&#8217;incarico conferito.<br \/>&#8211; Interni<br \/>Personale amministrativo, commerciale, ufficio progettazione e magazzini<br \/>-Esterni<br \/>&#8211; Agenti di commercio<br \/>&#8211; Societ\u00e0 di Professionisti per la gestione degli adempimenti di legge<br \/>&#8211; Istituti di credito e\/o Bancari<br \/>Nigelli informa che la mancata prestazione del consenso per il trasferimento dei dati ai terzi come sopra specificati, ancorch\u00c3\u00a9 non obbligatoria, determiner\u00e0 l&#8217;impossibilit\u00e0 totale o parziale di adempiere agli obblighi contrattuali.<br \/>4) Tempi di conservazione.<br \/>I dati raccolti come sopra rappresentati verranno conservati per un periodo massimo di 10 anni dalla data di registrazione o comunicazione, conformemente ai termini prescrizionali di legge.<br \/><br \/>5) Conservazione dati in Paesi UE.<br \/>Ferme restando le comunicazioni eseguite in adempimento di obblighi di legge e contrattuali, tutti i dati raccolti ed elaborati potranno essere comunicati in Italia e trasferiti all&#8217;estero (Paesi UE) esclusivamente per le finalit\u00e0 sopra specificate a:<br \/>&#8211; Office 365 (posta elettronica e p.c.)<br \/><br \/><br \/>6) Diritti dell&#8217;interessato.<br \/>a) La informiamo che Ella ha diritto a:<br \/>-a conoscere in qualunque momento i dati che lo riguardano, sapere come sono stati acquisiti, le finalit\u00e0 e le modalit\u00e0 di trattamento, la logica applicata in caso di trattamento con strumenti elettronici e le relative modalit\u00e0 di conservazione, il titolare, i soggetti o categorie di soggetti ai quali i dati personali possono essere comunicati o che possono venirne a conoscenza;<br \/>-ottenere l&#8217;aggiornamento dei propri dati, la cancellazione totale o parziale, la rettificazione o l&#8217;integrazione dei dati se nel Suo interesse;<br \/>-alla limitazione del trattamento nei casi previsti dall&#8217;art. 18;<br \/>-alla portabilit\u00e0 dei dati (da intendersi quale dispositivo automatico contenente i propri dati in un formato strutturato, di uso comune e leggibile) fermo restando il diritto di conservazione di cui al precedente punto 5);<br \/>-alla opposizione al trattamento ei casi previsti dall&#8217;articolo 21.<br \/>b) L&#8217;esercizio dei diritti di cui al precedente articolo a), dovr\u00e0 avvenire mediante comunicazione scritta motivata (nei casi di cancellazione e opposizione), trasmessa ad uno dei seguenti indirizzi:<br \/>daniela@nigelliimballaggi.it<br \/>reception@nigelliimballaggi.it<br \/>Si precisa che, il titolare del trattamento provveder\u00e0 a dare riscontro alla richiesta entro 30 giorni e, in caso di accoglimento della richiesta, il titolare si far\u00e0 carico delle comunicazioni nei confronti dei terzi.<br \/>c) In caso di accoglimento della richiesta, il titolare si impegna a provvedere alla cancellazione anche da eventuali archivi, consentendo la verifica in remoto all&#8217;utente.<\/h6>\n\n<p>\u00a0<\/p>\t\t\t\t\t\t\t\t<\/div>\n\t\t\t\t\t<\/div>\n\t\t\t\t<\/div>\n\t\t\t\t<\/div>\n\t\t","protected":false},"excerpt":{"rendered":"<p>INFORMATIVA PER I CLIENTIOggetto: Informativa ai sensi dell&#8217;art. 13 del regolamento UE 679\/2016Egregio Cliente,Spett.le Azienda Ai sensi e per gli [&hellip;]<\/p>\n","protected":false},"author":1,"featured_media":0,"parent":0,"menu_order":0,"comment_status":"closed","ping_status":"open","template":"","meta":{"site-sidebar-layout":"default","site-content-layout":"","ast-site-content-layout":"default","site-content-style":"default","site-sidebar-style":"default","ast-global-header-display":"","ast-banner-title-visibility":"","ast-main-header-display":"","ast-hfb-above-header-display":"","ast-hfb-below-header-display":"","ast-hfb-mobile-header-display":"","site-post-title":"","ast-breadcrumbs-content":"","ast-featured-img":"","footer-sml-layout":"","theme-transparent-header-meta":"","adv-header-id-meta":"","stick-header-meta":"","header-above-stick-meta":"","header-main-stick-meta":"","header-below-stick-meta":"","astra-migrate-meta-layouts":"default","ast-page-background-enabled":"default","ast-page-background-meta":{"desktop":{"background-color":"var(--ast-global-color-5)","background-image":"","background-repeat":"repeat","background-position":"center center","background-size":"auto","background-attachment":"scroll","background-type":"","background-media":"","overlay-type":"","overlay-color":"","overlay-opacity":"","overlay-gradient":""},"tablet":{"background-color":"","background-image":"","background-repeat":"repeat","background-position":"center center","background-size":"auto","background-attachment":"scroll","background-type":"","background-media":"","overlay-type":"","overlay-color":"","overlay-opacity":"","overlay-gradient":""},"mobile":{"background-color":"","background-image":"","background-repeat":"repeat","background-position":"center center","background-size":"auto","background-attachment":"scroll","background-type":"","background-media":"","overlay-type":"","overlay-color":"","overlay-opacity":"","overlay-gradient":""}},"ast-content-background-meta":{"desktop":{"background-color":"var(--ast-global-color-4)","background-image":"","background-repeat":"repeat","background-position":"center center","background-size":"auto","background-attachment":"scroll","background-type":"","background-media":"","overlay-type":"","overlay-color":"","overlay-opacity":"","overlay-gradient":""},"tablet":{"background-color":"var(--ast-global-color-4)","background-image":"","background-repeat":"repeat","background-position":"center center","background-size":"auto","background-attachment":"scroll","background-type":"","background-media":"","overlay-type":"","overlay-color":"","overlay-opacity":"","overlay-gradient":""},"mobile":{"background-color":"var(--ast-global-color-4)","background-image":"","background-repeat":"repeat","background-position":"center center","background-size":"auto","background-attachment":"scroll","background-type":"","background-media":"","overlay-type":"","overlay-color":"","overlay-opacity":"","overlay-gradient":""}},"footnotes":""},"class_list":["post-3","page","type-page","status-publish","hentry"],"_links":{"self":[{"href":"https:\/\/nigelliimballaggi.it\/index.php?rest_route=\/wp\/v2\/pages\/3","targetHints":{"allow":["GET"]}}],"collection":[{"href":"https:\/\/nigelliimballaggi.it\/index.php?rest_route=\/wp\/v2\/pages"}],"about":[{"href":"https:\/\/nigelliimballaggi.it\/index.php?rest_route=\/wp\/v2\/types\/page"}],"author":[{"embeddable":true,"href":"https:\/\/nigelliimballaggi.it\/index.php?rest_route=\/wp\/v2\/users\/1"}],"replies":[{"embeddable":true,"href":"https:\/\/nigelliimballaggi.it\/index.php?rest_route=%2Fwp%2Fv2%2Fcomments&post=3"}],"version-history":[{"count":3,"href":"https:\/\/nigelliimballaggi.it\/index.php?rest_route=\/wp\/v2\/pages\/3\/revisions"}],"predecessor-version":[{"id":859,"href":"https:\/\/nigelliimballaggi.it\/index.php?rest_route=\/wp\/v2\/pages\/3\/revisions\/859"}],"wp:attachment":[{"href":"https:\/\/nigelliimballaggi.it\/index.php?rest_route=%2Fwp%2Fv2%2Fmedia&parent=3"}],"curies":[{"name":"wp","href":"https:\/\/api.w.org\/{rel}","templated":true}]}}